{"id":5,"date":"2015-04-14T17:26:12","date_gmt":"2015-04-14T17:26:12","guid":{"rendered":"http:\/\/impreza2.us-themes.com\/?page_id=5"},"modified":"2020-08-19T04:29:55","modified_gmt":"2020-08-19T04:29:55","slug":"home","status":"publish","type":"page","link":"http:\/\/noskan.com.mx\/","title":{"rendered":"Home"},"content":{"rendered":"<section class=\"l-section wpb_row height_huge width_full color_primary with_img with_overlay\" id=\"inicio\"><div class=\"l-section-img\" style=\"background-image: url(https:\/\/noskan.com.mx\/wp-content\/uploads\/2020\/08\/1.jpg);\" data-img-width=\"2121\" data-img-height=\"1414\"><\/div><div class=\"l-section-overlay\" style=\"background: rgba(249,249,249,0.53)\"><\/div><div class=\"l-section-h i-cf\" style=\"padding-top: 0px !important;padding-bottom: 0px !important;\"><div class=\"g-cols vc_row type_default valign_top\"><div class=\"vc_col-sm-12 wpb_column vc_column_container\"><div class=\"vc_column-inner  vc_custom_1597586711630\"><div class=\"wpb_wrapper\">\r\n\t<div class=\"wpb_text_column \">\r\n\t\t<div class=\"wpb_wrapper\">\r\n\t\t\t<div class=\"w-header-show-pc\"><a>Men\u00fa<\/a><\/div>\n\r\n\t\t<\/div>\r\n\t<\/div>\r\n<div class=\"g-cols wpb_row  type_default valign_top vc_inner \"><div class=\"vc_col-sm-12 wpb_column vc_column_container\"><div class=\"vc_column-inner  vc_custom_1597586361706\"><div class=\"wpb_wrapper\"><h3 class=\"w-itext type_fadeIn align_center\" style=\"font-family:&#039;Open Sans&#039;, sans-serif;color:#444444;\" onclick='return {&quot;duration&quot;:0,&quot;delay&quot;:5000}'>BIENVENIDOS<\/h3>\r\n\t<div class=\"wpb_text_column \">\r\n\t\t<div class=\"wpb_wrapper\">\r\n\t\t\t<p><img loading=\"lazy\" class=\"wp-image-1397 aligncenter\" src=\"http:\/\/noskan.com.mx\/wp-content\/uploads\/2020\/08\/logo_noskan.png\" alt=\"\" width=\"415\" height=\"183\" srcset=\"https:\/\/noskan.com.mx\/wp-content\/uploads\/2020\/08\/logo_noskan.png 960w, https:\/\/noskan.com.mx\/wp-content\/uploads\/2020\/08\/logo_noskan-300x132.png 300w, https:\/\/noskan.com.mx\/wp-content\/uploads\/2020\/08\/logo_noskan-330x145.png 330w\" sizes=\"(max-width: 415px) 100vw, 415px\" \/><\/p>\n\r\n\t\t<\/div>\r\n\t<\/div>\r\n<div class=\"w-separator size_medium linea_vertical with_line width_50 thick_3 style_solid color_custom align_center\" style=\"border-color:#0a0a0a;color:#0a0a0a;\"><div class=\"w-separator-h\"><\/div><\/div><\/div><\/div><\/div><\/div><\/div><\/div><\/div><\/div><\/div><\/section><section class=\"l-section wpb_row height_huge with_overlay\" id=\"nosotros\"><div class=\"l-section-overlay\" style=\"background: #fafafa\"><\/div><div class=\"l-section-h i-cf\" style=\"padding-bottom: 0px !important;\"><div class=\"g-cols vc_row type_default valign_top\"><div class=\"vc_col-sm-6 wpb_column vc_column_container\"><div class=\"vc_column-inner  vc_custom_1597712364505\"><div class=\"wpb_wrapper\">\r\n\t<div class=\"wpb_text_column \">\r\n\t\t<div class=\"wpb_wrapper\">\r\n\t\t\t<p style=\"text-align: center; font-size: 15px;\">Somos una empresa dedicada a la proveedur\u00eda de bienes y servicios: compra, venta, importaci\u00f3n, exportaci\u00f3n, distribuci\u00f3n, preparaci\u00f3n, consignaci\u00f3n, intermediaci\u00f3n y comercializaci\u00f3n de cualquier tipo de productos y servicios que requieran los sectores industrial, comercial y\u00a0 de servicios, del \u00e1mbito p\u00fablico y privado.<br \/>\nNos encargamos de localizar y proveer los productos y servicios que usted requiere con una calidad y precio que ofrezcan valor agregado y rentabilidad para su proyecto, empresa o instituci\u00f3n.<\/p>\n\r\n\t\t<\/div>\r\n\t<\/div>\r\n<\/div><\/div><\/div><div class=\"vc_col-sm-6 wpb_column vc_column_container\"><div class=\"vc_column-inner\"><div class=\"wpb_wrapper\">\r\n\t<div class=\"wpb_text_column \">\r\n\t\t<div class=\"wpb_wrapper\">\r\n\t\t\t<p style=\"text-align: center; font-size: 15px; margin-top: 35px;\">En NOSKAN recibir\u00e1 una atenci\u00f3n personalizada, enfocada en sus requerimientos, sus condiciones y calendario, con plena conciencia de que su industria, empresa o instituci\u00f3n est\u00e1 poniendo en nuestras manos un proceso cr\u00edtico enlazado a compromisos de producci\u00f3n, servicio o comercializaci\u00f3n, a los que respondemos en tiempo y forma.<\/p>\n\r\n\t\t<\/div>\r\n\t<\/div>\r\n<\/div><\/div><\/div><div class=\"vc_col-sm-12 wpb_column vc_column_container\"><div class=\"vc_column-inner\"><div class=\"wpb_wrapper\"><div class=\"w-separator us_separator_1 size_medium vc_custom_1597618063788 linea_vertical with_line width_50 thick_3 style_solid color_custom align_center\" style=\"border-color:#0a0a0a;color:#0a0a0a;\"><style>@media(max-width:600px){.us_separator_1{height:0!important}}<\/style><div class=\"w-separator-h\"><\/div><\/div><\/div><\/div><\/div><\/div><\/div><\/section><section class=\"l-section wpb_row height_auto color_alternate with_overlay\" id=\"servicios\"><div class=\"l-section-overlay\" style=\"background: #605496\"><\/div><div class=\"l-section-h i-cf\" style=\"padding-top: 0px !important;padding-bottom: 0px !important;\"><div class=\"g-cols vc_row type_default valign_top gap-20px\"><style>.g-cols.gap-20px{margin:0 calc(-1.5rem - 20px)}.gap-20px > .vc_column_container {padding:20px}<\/style><div class=\"vc_col-sm-12 wpb_column vc_column_container\"><div class=\"vc_column-inner  vc_custom_1597617264875\"><div class=\"wpb_wrapper\"><div class=\"w-separator us_separator_2 size_large vc_custom_1597618077670 linea_vertical pos-absolute with_line width_50 thick_3 style_solid color_custom align_center\" style=\"border-color:#ffffff;color:#ffffff;\"><style>@media(max-width:600px){.us_separator_2{height:0!important}}<\/style><div class=\"w-separator-h\"><\/div><\/div><\/div><\/div><\/div><div class=\"vc_col-sm-2\/5 vc_hidden-sm vc_hidden-xs wpb_column vc_column_container\" id=\"Seccion3\"><div class=\"vc_column-inner  vc_custom_1597618300438\"><div class=\"wpb_wrapper\"><div class=\"w-image align_center animate_fade vc_custom_1597589409446\"><div class=\"w-image-h\"><img width=\"1024\" height=\"983\" src=\"https:\/\/noskan.com.mx\/wp-content\/uploads\/2020\/08\/ok-1024x983.png\" class=\"attachment-large size-large\" alt=\"\" loading=\"lazy\" srcset=\"https:\/\/noskan.com.mx\/wp-content\/uploads\/2020\/08\/ok-1024x983.png 1024w, https:\/\/noskan.com.mx\/wp-content\/uploads\/2020\/08\/ok-300x288.png 300w, https:\/\/noskan.com.mx\/wp-content\/uploads\/2020\/08\/ok.png 1280w\" sizes=\"(max-width: 1024px) 100vw, 1024px\" \/><\/div><\/div><\/div><\/div><\/div><div class=\"vc_col-sm-6 wpb_column vc_column_container\"><div class=\"vc_column-inner\"><div class=\"wpb_wrapper\">\r\n\t<div class=\"wpb_text_column  vc_custom_1597698440938\">\r\n\t\t<div class=\"wpb_wrapper\">\r\n\t\t\t<p>Nuestros servicios log\u00edsticos de maquila de empaque, distribuci\u00f3n y mensajer\u00eda, est\u00e1n a la disposici\u00f3n de nuestros clientes, proveedores y p\u00fablico en general.<br \/>\nNuestra especialidad es la atenci\u00f3n a empresas, instituciones y escuelas adapt\u00e1ndonos a sus necesidades y presupuestos.<\/p>\n<p>En NOSKAN m\u00e1s que un proveedor tendr\u00e1 un asociado de negocios siempre dispuesto a brindar todo el apoyo necesario para lograr el \u00e9xito de sus proyectos.<\/p>\n\r\n\t\t<\/div>\r\n\t<\/div>\r\n<\/div><\/div><\/div><div class=\"vc_col-sm-12 vc_hidden-sm vc_hidden-xs wpb_column vc_column_container pos-absolute\"><div class=\"vc_column-inner  vc_custom_1597618098310\"><div class=\"wpb_wrapper\"><div class=\"w-separator size_medium linea_vertical ma-4 with_line width_50 thick_3 style_solid color_custom align_center\" style=\"border-color:#ffffff;color:#ffffff;\"><div class=\"w-separator-h\"><\/div><\/div><\/div><\/div><\/div><div class=\"vc_col-sm-12 vc_hidden-lg vc_hidden-md wpb_column vc_column_container\"><div class=\"vc_column-inner  vc_custom_1597618405545\"><div class=\"wpb_wrapper\"><div class=\"w-image align_center animate_fade vc_custom_1597589409446\"><div class=\"w-image-h\"><img width=\"1024\" height=\"983\" src=\"https:\/\/noskan.com.mx\/wp-content\/uploads\/2020\/08\/ok-1024x983.png\" class=\"attachment-large size-large\" alt=\"\" loading=\"lazy\" srcset=\"https:\/\/noskan.com.mx\/wp-content\/uploads\/2020\/08\/ok-1024x983.png 1024w, https:\/\/noskan.com.mx\/wp-content\/uploads\/2020\/08\/ok-300x288.png 300w, https:\/\/noskan.com.mx\/wp-content\/uploads\/2020\/08\/ok.png 1280w\" sizes=\"(max-width: 1024px) 100vw, 1024px\" \/><\/div><\/div><\/div><\/div><\/div><\/div><\/div><\/section><section class=\"l-section wpb_row height_large\"><div class=\"l-section-h i-cf\" style=\"padding-bottom: 0px !important;\"><div class=\"g-cols vc_row type_default valign_top\"><div class=\"vc_col-sm-12 vc_hidden-sm vc_hidden-xs wpb_column vc_column_container\"><div class=\"vc_column-inner  vc_custom_1597618113052\"><div class=\"wpb_wrapper\"><div class=\"w-separator size_small vc_custom_1597615854956 linea_vertical pos-absolute with_line width_50 thick_3 style_solid color_custom align_center\" style=\"border-color:#0a0a0a;color:#0a0a0a;\"><div class=\"w-separator-h\"><\/div><\/div><\/div><\/div><\/div><div class=\"vc_col-sm-12 wpb_column vc_column_container\"><div class=\"vc_column-inner  vc_custom_1597615311704\"><div class=\"wpb_wrapper\">\r\n\t<div class=\"wpb_text_column \">\r\n\t\t<div class=\"wpb_wrapper\">\r\n\t\t\t<h3 style=\"text-align: center;\">Siempre a la vanguardia en sus procesos<br \/>\ny operaciones, cumpliendo todas las<br \/>\nexpectativas de nuestros clientes<\/h3>\n\r\n\t\t<\/div>\r\n\t<\/div>\r\n<div class=\"w-btn-wrapper width_custom align_center vc_custom_1597618216726\"><a class=\"w-btn us-btn-style_1 boton_productos\" href=\"\/?page_id=1271\" style=\"font-size:14px;width:170px;\"><span class=\"w-btn-label\">C\u00e1talogo de productos<\/span><\/a><\/div><\/div><\/div><\/div><\/div><\/div><\/section><section class=\"l-section wpb_row height_large\" id=\"contacto\"><div class=\"l-section-h i-cf\" style=\"padding-top: 0px !important;padding-bottom: 0px !important;\"><div class=\"g-cols vc_row type_default valign_top\"><div class=\"vc_col-sm-10 vc_col-sm-offset-1 wpb_column vc_column_container\"><div class=\"vc_column-inner\"><div class=\"wpb_wrapper\"><div class=\"w-separator us_separator_3 size_large vc_custom_1597618128606 linea_vertical pos-absolute with_line width_50 thick_3 style_solid color_custom align_center\" style=\"border-color:#0a0a0a;color:#0a0a0a;\"><style>@media(max-width:600px){.us_separator_3{height:0!important}}<\/style><div class=\"w-separator-h\"><\/div><\/div><div class=\"g-cols wpb_row  type_default valign_top vc_inner \"><div class=\"vc_col-sm-6 wpb_column vc_column_container\"><div class=\"vc_column-inner\"><div class=\"wpb_wrapper\"><div role=\"form\" class=\"wpcf7\" id=\"wpcf7-f1455-o1\" lang=\"es-MX\" dir=\"ltr\">\n<div class=\"screen-reader-response\"><\/div>\n<form action=\"\/index.php?rest_route=%2Fwp%2Fv2%2Fpages%2F5#wpcf7-f1455-o1\" method=\"post\" class=\"wpcf7-form\" novalidate=\"novalidate\">\n<div style=\"display: none;\">\n<input type=\"hidden\" name=\"_wpcf7\" value=\"1455\" \/>\n<input type=\"hidden\" name=\"_wpcf7_version\" value=\"5.0.3\" \/>\n<input type=\"hidden\" name=\"_wpcf7_locale\" value=\"es_MX\" \/>\n<input type=\"hidden\" name=\"_wpcf7_unit_tag\" value=\"wpcf7-f1455-o1\" \/>\n<input type=\"hidden\" name=\"_wpcf7_container_post\" value=\"0\" \/>\n<\/div>\n<p><label> <span class=\"wpcf7-form-control-wrap your-name\"><input type=\"text\" name=\"your-name\" value=\"\" size=\"40\" class=\"wpcf7-form-control wpcf7-text wpcf7-validates-as-required\" aria-required=\"true\" aria-invalid=\"false\" placeholder=\"Tu Nombre (requerido)\" \/><\/span> <\/label><\/p>\n<p><label> <span class=\"wpcf7-form-control-wrap your-email\"><input type=\"email\" name=\"your-email\" value=\"\" size=\"40\" class=\"wpcf7-form-control wpcf7-text wpcf7-email wpcf7-validates-as-required wpcf7-validates-as-email\" aria-required=\"true\" aria-invalid=\"false\" placeholder=\"Tu correo electr\u00f3nico (requerido)\" \/><\/span> <\/label><\/p>\n<p><label> <span class=\"wpcf7-form-control-wrap your-subject\"><input type=\"text\" name=\"your-subject\" value=\"\" size=\"40\" class=\"wpcf7-form-control wpcf7-text\" aria-invalid=\"false\" placeholder=\"Asunto\" \/><\/span> <\/label><\/p>\n<p><label> <span class=\"wpcf7-form-control-wrap your-message\"><textarea name=\"your-message\" cols=\"40\" rows=\"10\" class=\"wpcf7-form-control wpcf7-textarea\" aria-invalid=\"false\" placeholder=\"Tu Mensaje\"><\/textarea><\/span> <\/label><\/p>\n<div class=\"wpcf7-form-control-wrap\"><div data-sitekey=\"6LcPwcAZAAAAABrLWIPXZ0YIcY_-Ru3I7MWZpJT2\" class=\"wpcf7-form-control g-recaptcha wpcf7-recaptcha\"><\/div>\r\n<noscript>\r\n\t<div style=\"width: 302px; height: 422px;\">\r\n\t\t<div style=\"width: 302px; height: 422px; position: relative;\">\r\n\t\t\t<div style=\"width: 302px; height: 422px; position: absolute;\">\r\n\t\t\t\t<iframe src=\"https:\/\/www.google.com\/recaptcha\/api\/fallback?k=6LcPwcAZAAAAABrLWIPXZ0YIcY_-Ru3I7MWZpJT2\" frameborder=\"0\" scrolling=\"no\" style=\"width: 302px; height:422px; border-style: none;\">\r\n\t\t\t\t<\/iframe>\r\n\t\t\t<\/div>\r\n\t\t\t<div style=\"width: 300px; height: 60px; border-style: none; bottom: 12px; left: 25px; margin: 0px; padding: 0px; right: 25px; background: #f9f9f9; border: 1px solid #c1c1c1; border-radius: 3px;\">\r\n\t\t\t\t<textarea id=\"g-recaptcha-response\" name=\"g-recaptcha-response\" class=\"g-recaptcha-response\" style=\"width: 250px; height: 40px; border: 1px solid #c1c1c1; margin: 10px 25px; padding: 0px; resize: none;\">\r\n\t\t\t\t<\/textarea>\r\n\t\t\t<\/div>\r\n\t\t<\/div>\r\n\t<\/div>\r\n<\/noscript>\r\n<\/div>\n<p><input type=\"submit\" value=\"Enviar\" class=\"wpcf7-form-control wpcf7-submit\" \/><\/p>\n<div class=\"wpcf7-response-output wpcf7-display-none\"><\/div><\/form><\/div><\/div><\/div><\/div><div class=\"vc_col-sm-5 vc_col-sm-offset-1 wpb_column vc_column_container\"><div class=\"vc_column-inner\"><div class=\"wpb_wrapper\">\r\n\t<div class=\"wpb_text_column \" id=\"Contacto\">\r\n\t\t<div class=\"wpb_wrapper\">\r\n\t\t\t<p>Mirlo 32, Col. Las Arboledas, Atizap\u00e1n de Zaragoza, Estado de M\u00e9xico, CP 52950<\/p>\n<p>(55)5564-6110<\/p>\n<p><iframe style=\"border: 0;\" tabindex=\"0\" src=\"https:\/\/www.google.com\/maps\/embed?pb=!1m18!1m12!1m3!1d3759.5528398559914!2d-99.21984778556822!3d19.5608021416384!2m3!1f0!2f0!3f0!3m2!1i1024!2i768!4f13.1!3m3!1m2!1s0x85d21d0e77d58cf5%3A0xe9327d91b484df4a!2sMirlo%2032%2C%20Las%20Arboledas%2C%2052950%20Cd%20L%C3%B3pez%20Mateos%2C%20M%C3%A9x.!5e0!3m2!1ses!2smx!4v1597712004443!5m2!1ses!2smx\" width=\"100%\" height=\"250\" frameborder=\"0\" allowfullscreen=\"allowfullscreen\" aria-hidden=\"false\"><\/iframe><\/p>\n\r\n\t\t<\/div>\r\n\t<\/div>\r\n<\/div><\/div><\/div><\/div><\/div><\/div><\/div><\/div><\/div><\/section>\n","protected":false},"excerpt":{"rendered":"Men\u00fa BIENVENIDOS Somos una empresa dedicada a la proveedur\u00eda de bienes y servicios: compra, venta, importaci\u00f3n, exportaci\u00f3n, distribuci\u00f3n, preparaci\u00f3n, consignaci\u00f3n, intermediaci\u00f3n y comercializaci\u00f3n de cualquier tipo de productos y servicios que requieran los sectores industrial, comercial y\u00a0 de servicios, del \u00e1mbito p\u00fablico y privado. Nos encargamos de localizar y proveer los productos y servicios que...","protected":false},"author":1,"featured_media":0,"parent":0,"menu_order":0,"comment_status":"closed","ping_status":"closed","template":"","meta":[],"_links":{"self":[{"href":"http:\/\/noskan.com.mx\/index.php?rest_route=\/wp\/v2\/pages\/5"}],"collection":[{"href":"http:\/\/noskan.com.mx\/index.php?rest_route=\/wp\/v2\/pages"}],"about":[{"href":"http:\/\/noskan.com.mx\/index.php?rest_route=\/wp\/v2\/types\/page"}],"author":[{"embeddable":true,"href":"http:\/\/noskan.com.mx\/index.php?rest_route=\/wp\/v2\/users\/1"}],"replies":[{"embeddable":true,"href":"http:\/\/noskan.com.mx\/index.php?rest_route=%2Fwp%2Fv2%2Fcomments&post=5"}],"version-history":[{"count":205,"href":"http:\/\/noskan.com.mx\/index.php?rest_route=\/wp\/v2\/pages\/5\/revisions"}],"predecessor-version":[{"id":1456,"href":"http:\/\/noskan.com.mx\/index.php?rest_route=\/wp\/v2\/pages\/5\/revisions\/1456"}],"wp:attachment":[{"href":"http:\/\/noskan.com.mx\/index.php?rest_route=%2Fwp%2Fv2%2Fmedia&parent=5"}],"curies":[{"name":"wp","href":"https:\/\/api.w.org\/{rel}","templated":true}]}}